{"id":308,"date":"2020-01-13T11:17:52","date_gmt":"2020-01-13T11:17:52","guid":{"rendered":"https:\/\/demosites.io\/web-agency-gb\/?page_id=5"},"modified":"2022-09-18T06:25:48","modified_gmt":"2022-09-18T06:25:48","slug":"15c42-web-agency-gb-home","status":"publish","type":"page","link":"https:\/\/cidem.com.mx\/2022\/","title":{"rendered":"Home"},"content":{"rendered":"\n<div class=\"wp-block-cover alignfull is-light\" style=\"min-height:700px\"><span aria-hidden=\"true\" class=\"wp-block-cover__background has-background-dim-0 has-background-dim\"><\/span><img loading=\"lazy\" width=\"626\" height=\"417\" class=\"wp-block-cover__image-background wp-image-375\" alt=\"\" src=\"https:\/\/cidem.com.mx\/2022\/wp-content\/uploads\/2022\/09\/GENTE-TRABAJANDO-2.jpg\" style=\"object-position:29% 20%\" data-object-fit=\"cover\" data-object-position=\"29% 20%\" srcset=\"https:\/\/cidem.com.mx\/2022\/wp-content\/uploads\/2022\/09\/GENTE-TRABAJANDO-2.jpg 626w, https:\/\/cidem.com.mx\/2022\/wp-content\/uploads\/2022\/09\/GENTE-TRABAJANDO-2-300x200.jpg 300w\" sizes=\"(max-width: 626px) 100vw, 626px\" \/><div class=\"wp-block-cover__inner-container\">\n<div style=\"height:80px\" aria-hidden=\"true\" class=\"wp-block-spacer\"><\/div>\n\n\n\n<h1 class=\"has-text-align-left has-text-color has-x-large-font-size\" style=\"color:#15348f\">Administraci\u00f3n de Recursos Financieros de las empresas. <\/h1>\n\n\n\n<p class=\"has-text-align-center has-text-color\" style=\"color:#15348f;font-size:17px\">Somos un grupo multidisciplinario de profesionistas enfocado a apoyar la toma de decisiones y la operaci\u00f3n administrativa y financiera de las empresas.<\/p>\n\n\n\n<div class=\"wp-container-1 is-horizontal is-content-justification-center wp-block-buttons\">\n<div class=\"wp-block-button is-style-primary\"><a class=\"wp-block-button__link\" href=\"https:\/\/cidem.com.mx\/2022\/web-agency-gb-about-us\/\">LEARN MORE<\/a><\/div>\n\n\n\n<div class=\"wp-block-button is-style-primary\"><a class=\"wp-block-button__link\" href=\"https:\/\/cidem.com.mx\/2022\/web-agency-gb-contact-us\/\">M\u00c1S DETALLES<\/a><\/div>\n<\/div>\n\n\n\n<div style=\"height:80px\" aria-hidden=\"true\" class=\"wp-block-spacer\"><\/div>\n<\/div><\/div>\n\n\n\n<div style=\"height:80px\" aria-hidden=\"true\" class=\"wp-block-spacer\"><\/div>\n\n\n\n<div class=\"wp-container-5 wp-block-columns\">\n<div class=\"wp-container-2 wp-block-column\"><div class=\"wp-block-image icon-style is-style-rounded\">\n<figure class=\"aligncenter size-large\"><img loading=\"lazy\" width=\"72\" height=\"72\" src=\"https:\/\/cidem.com.mx\/2022\/wp-content\/uploads\/2020\/01\/neve-webdesign-GB-03.png\" alt=\"\" class=\"wp-image-20\" title=\"\"\/><\/figure><\/div>\n\n\n<h3 class=\"has-text-align-center has-neve-text-color-color has-text-color\">Consultor\u00eda Financiera<\/h3>\n\n\n\n<p class=\"has-text-align-center\"><\/p>\n\n\n\n<div style=\"height:20px\" aria-hidden=\"true\" class=\"wp-block-spacer\"><\/div>\n<\/div>\n\n\n\n<div class=\"wp-container-3 wp-block-column\"><div class=\"wp-block-image icon-style is-style-rounded\">\n<figure class=\"aligncenter size-large\"><img loading=\"lazy\" width=\"72\" height=\"72\" src=\"https:\/\/cidem.com.mx\/2022\/wp-content\/uploads\/2020\/01\/neve-webdesign-GB-04.png\" alt=\"\" class=\"wp-image-21\"\/><\/figure><\/div>\n\n\n<h3 class=\"has-text-align-center has-neve-text-color-color has-text-color\">Estructuraci\u00f3n, Dise\u00f1o y Gesti\u00f3n<\/h3>\n\n\n\n<p class=\"has-text-align-center\">de Financiamientos y\/o de Capital Privado<\/p>\n\n\n\n<div style=\"height:20px\" aria-hidden=\"true\" class=\"wp-block-spacer\"><\/div>\n<\/div>\n\n\n\n<div class=\"wp-container-4 wp-block-column\"><div class=\"wp-block-image icon-style is-style-rounded\">\n<figure class=\"aligncenter size-large\"><img loading=\"lazy\" width=\"72\" height=\"72\" src=\"https:\/\/cidem.com.mx\/2022\/wp-content\/uploads\/2020\/01\/neve-webdesign-GB-01.png\" alt=\"\" class=\"wp-image-18\"\/><\/figure><\/div>\n\n\n<h3 class=\"has-text-align-center has-neve-text-color-color has-text-color\">Elaboraci\u00f3n y Valuaci\u00f3n<\/h3>\n\n\n\n<p class=\"has-text-align-center\">de Proyectos de Inversi\u00f3n\/Planes de negocio<\/p>\n\n\n\n<div style=\"height:20px\" aria-hidden=\"true\" class=\"wp-block-spacer\"><\/div>\n<\/div>\n<\/div>\n\n\n\n<div style=\"height:80px\" aria-hidden=\"true\" class=\"wp-block-spacer\"><\/div>\n\n\n\n<div class=\"wp-block-cover alignfull\" style=\"min-height:600px\"><span aria-hidden=\"true\" class=\"wp-block-cover__background has-nv-light-bg-background-color has-background-dim-100 has-background-dim\"><\/span><div class=\"wp-block-cover__inner-container\">\n<div class=\"wp-container-10 wp-block-group\"><div class=\"wp-block-group__inner-container\">\n<div style=\"height:80px\" aria-hidden=\"true\" class=\"wp-block-spacer\"><\/div>\n\n\n\n<div class=\"wp-container-9 wp-block-columns are-vertically-aligned-center\">\n<div class=\"wp-container-6 wp-block-column is-vertically-aligned-center\" style=\"flex-basis:50%\">\n<figure class=\"wp-block-image size-full is-style-default\"><img loading=\"lazy\" width=\"626\" height=\"417\" src=\"https:\/\/cidem.com.mx\/2022\/wp-content\/uploads\/2022\/09\/GENTE-TRABAJANDO-2.jpg\" alt=\"\" class=\"wp-image-375\" srcset=\"https:\/\/cidem.com.mx\/2022\/wp-content\/uploads\/2022\/09\/GENTE-TRABAJANDO-2.jpg 626w, https:\/\/cidem.com.mx\/2022\/wp-content\/uploads\/2022\/09\/GENTE-TRABAJANDO-2-300x200.jpg 300w\" sizes=\"(max-width: 626px) 100vw, 626px\" \/><\/figure>\n<\/div>\n\n\n\n<div class=\"wp-container-8 wp-block-column is-vertically-aligned-center\" style=\"flex-basis:50%\">\n<div style=\"height:20px\" aria-hidden=\"true\" class=\"wp-block-spacer\"><\/div>\n\n\n\n<h2 class=\"has-text-align-left has-neve-text-color-color has-text-color\">Excelencia con Compromiso<\/h2>\n\n\n\n<p class=\"has-text-align-left has-neve-text-color-color has-text-color\" style=\"font-size:17px\">Nos enfocamos a apoyar al empresario con ideas y acciones efectivas en ese tipo de actividades que requieren de un alto grado de especializaci\u00f3n, profesionalizaci\u00f3n y compromiso.<\/p>\n\n\n\n<div class=\"wp-container-7 is-horizontal is-content-justification-left wp-block-buttons\"><\/div>\n<\/div>\n<\/div>\n\n\n\n<div style=\"height:40px\" aria-hidden=\"true\" class=\"wp-block-spacer\"><\/div>\n<\/div><\/div>\n<\/div><\/div>\n\n\n\n<div class=\"wp-block-cover alignfull\" style=\"min-height:600px\"><span aria-hidden=\"true\" class=\"wp-block-cover__background has-nv-site-bg-background-color has-background-dim-100 has-background-dim\"><\/span><div class=\"wp-block-cover__inner-container\">\n<div class=\"wp-container-15 wp-block-group\"><div class=\"wp-block-group__inner-container\">\n<div style=\"height:80px\" aria-hidden=\"true\" class=\"wp-block-spacer\"><\/div>\n\n\n\n<div class=\"wp-container-14 wp-block-columns are-vertically-aligned-center\">\n<div class=\"wp-container-12 wp-block-column is-vertically-aligned-center\" style=\"flex-basis:50%\">\n<h2 class=\"has-text-align-left has-neve-text-color-color has-text-color\">Valores y aportes<\/h2>\n\n\n\n<p class=\"has-text-align-left has-neve-text-color-color has-text-color\" style=\"font-size:17px\">compromiso con nuestra comunidad, con el desarrollo econ\u00f3mico y con la responsabilidad social experiencia de m\u00e1s de 30 a\u00f1os profesionalismo<\/p>\n\n\n\n<div class=\"wp-container-11 is-horizontal is-content-justification-left wp-block-buttons\"><\/div>\n\n\n\n<div style=\"height:40px\" aria-hidden=\"true\" class=\"wp-block-spacer\"><\/div>\n<\/div>\n\n\n\n<div class=\"wp-container-13 wp-block-column is-vertically-aligned-center\" style=\"flex-basis:50%\">\n<figure class=\"wp-block-image size-full\"><img loading=\"lazy\" width=\"626\" height=\"417\" src=\"https:\/\/cidem.com.mx\/2022\/wp-content\/uploads\/2022\/09\/GENTE-TRABAJANDO-2-1.jpg\" alt=\"\" class=\"wp-image-372\" srcset=\"https:\/\/cidem.com.mx\/2022\/wp-content\/uploads\/2022\/09\/GENTE-TRABAJANDO-2-1.jpg 626w, https:\/\/cidem.com.mx\/2022\/wp-content\/uploads\/2022\/09\/GENTE-TRABAJANDO-2-1-300x200.jpg 300w\" sizes=\"(max-width: 626px) 100vw, 626px\" \/><\/figure>\n<\/div>\n<\/div>\n\n\n\n<div style=\"height:40px\" aria-hidden=\"true\" class=\"wp-block-spacer\"><\/div>\n<\/div><\/div>\n<\/div><\/div>\n\n\n\n<div class=\"wp-block-cover alignfull is-light\" style=\"min-height:600px\"><span aria-hidden=\"true\" class=\"wp-block-cover__background has-background-dim-100 has-background-dim has-background-gradient\" style=\"background:linear-gradient(163deg,rgb(49,100,181) 10%,rgb(2,3,129) 79%)\"><\/span><div class=\"wp-block-cover__inner-container\">\n<div class=\"wp-container-20 wp-block-group\"><div class=\"wp-block-group__inner-container\">\n<div class=\"wp-container-19 wp-block-columns are-vertically-aligned-center\">\n<div class=\"wp-container-16 wp-block-column is-vertically-aligned-center\" style=\"flex-basis:50%\">\n<figure class=\"wp-block-image size-full\"><img loading=\"lazy\" width=\"626\" height=\"352\" src=\"https:\/\/cidem.com.mx\/2022\/wp-content\/uploads\/2022\/09\/GENTE-TRABAJANDO-1.jpg\" alt=\"\" class=\"wp-image-374\" srcset=\"https:\/\/cidem.com.mx\/2022\/wp-content\/uploads\/2022\/09\/GENTE-TRABAJANDO-1.jpg 626w, https:\/\/cidem.com.mx\/2022\/wp-content\/uploads\/2022\/09\/GENTE-TRABAJANDO-1-300x169.jpg 300w\" sizes=\"(max-width: 626px) 100vw, 626px\" \/><\/figure>\n<\/div>\n\n\n\n<div class=\"wp-container-18 wp-block-column is-vertically-aligned-center\" style=\"flex-basis:50%\">\n<div style=\"height:40px\" aria-hidden=\"true\" class=\"wp-block-spacer\"><\/div>\n\n\n\n<h2 class=\"has-text-align-left has-nv-text-dark-bg-color has-text-color has-large-font-size\">Gesti\u00f3n de recursos financieros financiamiento\/inversi\u00f3n de capitales<\/h2>\n\n\n\n<p class=\"has-text-align-left has-nv-text-dark-bg-color has-text-color\" style=\"font-size:17px\">en moneda nacional o usd financiamiento bancario o con instituciones financieras no-bancarias banca de desarrollo e instituciones de fomento organismos financieros multilaterales fondos de inversi\u00f3n (venture capital\/equity)<\/p>\n\n\n\n<div class=\"wp-container-17 is-horizontal is-content-justification-left wp-block-buttons\"><\/div>\n<\/div>\n<\/div>\n\n\n\n<div style=\"height:50px\" aria-hidden=\"true\" class=\"wp-block-spacer\"><\/div>\n<\/div><\/div>\n<\/div><\/div>\n\n\n\n<div class=\"wp-container-23 wp-block-columns alignfull has-text-color has-background\" style=\"background-color:#ffffff;color:#000000\">\n<div class=\"wp-container-21 wp-block-column\"><div class=\"wp-block-image\">\n<figure class=\"aligncenter size-full is-resized\"><img loading=\"lazy\" src=\"https:\/\/cidem.com.mx\/2022\/wp-content\/uploads\/2022\/09\/ICONOS-1.jpg\" alt=\"\" class=\"wp-image-370\" width=\"109\" height=\"104\" srcset=\"https:\/\/cidem.com.mx\/2022\/wp-content\/uploads\/2022\/09\/ICONOS-1.jpg 398w, https:\/\/cidem.com.mx\/2022\/wp-content\/uploads\/2022\/09\/ICONOS-1-300x288.jpg 300w\" sizes=\"(max-width: 109px) 100vw, 109px\" \/><figcaption>30 A\u00f1os de \u00c9xito<\/figcaption><\/figure><\/div><\/div>\n\n\n\n<div class=\"wp-container-22 wp-block-column\"><div class=\"wp-block-image\">\n<figure class=\"aligncenter size-full is-resized\"><img loading=\"lazy\" src=\"https:\/\/cidem.com.mx\/2022\/wp-content\/uploads\/2022\/09\/ICONOS-1.jpg\" alt=\"\" class=\"wp-image-370\" width=\"109\" height=\"104\" srcset=\"https:\/\/cidem.com.mx\/2022\/wp-content\/uploads\/2022\/09\/ICONOS-1.jpg 398w, https:\/\/cidem.com.mx\/2022\/wp-content\/uploads\/2022\/09\/ICONOS-1-300x288.jpg 300w\" sizes=\"(max-width: 109px) 100vw, 109px\" \/><figcaption>30 A\u00f1os de \u00c9xito<\/figcaption><\/figure><\/div><\/div>\n<\/div>\n\n\n\n<div class=\"wp-block-cover alignfull\" style=\"min-height:300px\"><span aria-hidden=\"true\" class=\"wp-block-cover__background has-background-dim-100 has-background-dim\" style=\"background-color:#03035a\"><\/span><div class=\"wp-block-cover__inner-container\">\n<div style=\"height:140px\" aria-hidden=\"true\" class=\"wp-block-spacer\"><\/div>\n\n\n\n<h2 class=\"has-text-align-center has-nv-text-dark-bg-color has-text-color\">Con\u00e9ctate con nosotros<\/h2>\n\n\n\n<div class=\"wp-container-24 is-horizontal is-content-justification-center wp-block-buttons\">\n<div class=\"wp-block-button is-style-primary\"><a class=\"wp-block-button__link\" href=\"https:\/\/cidem.com.mx\/2022\/web-agency-gb-contact-us\/\">CONT\u00c1CTANOS<\/a><\/div>\n<\/div>\n\n\n\n<div style=\"height:140px\" aria-hidden=\"true\" class=\"wp-block-spacer\"><\/div>\n<\/div><\/div>\n","protected":false},"excerpt":{"rendered":"<p>Consultor\u00eda Financiera Estructuraci\u00f3n, Dise\u00f1o y Gesti\u00f3n de Financiamientos y\/o de Capital Privado Elaboraci\u00f3n y Valuaci\u00f3n de Proyectos de Inversi\u00f3n\/Planes de negocio<\/p>\n","protected":false},"author":1,"featured_media":0,"parent":0,"menu_order":0,"comment_status":"closed","ping_status":"closed","template":"","meta":{"neve_meta_sidebar":"default","neve_meta_container":"default","neve_meta_enable_content_width":"on","neve_meta_content_width":100,"neve_meta_title_alignment":"","neve_meta_author_avatar":"","neve_post_elements_order":"","neve_meta_disable_header":"","neve_meta_disable_footer":"","neve_meta_disable_title":"on","_ti_tpc_template_sync":false,"_ti_tpc_template_id":"cwhkd9lki581rusuhjti"},"_links":{"self":[{"href":"https:\/\/cidem.com.mx\/2022\/index.php?rest_route=\/wp\/v2\/pages\/308"}],"collection":[{"href":"https:\/\/cidem.com.mx\/2022\/index.php?rest_route=\/wp\/v2\/pages"}],"about":[{"href":"https:\/\/cidem.com.mx\/2022\/index.php?rest_route=\/wp\/v2\/types\/page"}],"author":[{"embeddable":true,"href":"https:\/\/cidem.com.mx\/2022\/index.php?rest_route=\/wp\/v2\/users\/1"}],"replies":[{"embeddable":true,"href":"https:\/\/cidem.com.mx\/2022\/index.php?rest_route=%2Fwp%2Fv2%2Fcomments&post=308"}],"version-history":[{"count":4,"href":"https:\/\/cidem.com.mx\/2022\/index.php?rest_route=\/wp\/v2\/pages\/308\/revisions"}],"predecessor-version":[{"id":386,"href":"https:\/\/cidem.com.mx\/2022\/index.php?rest_route=\/wp\/v2\/pages\/308\/revisions\/386"}],"wp:attachment":[{"href":"https:\/\/cidem.com.mx\/2022\/index.php?rest_route=%2Fwp%2Fv2%2Fmedia&parent=308"}],"curies":[{"name":"wp","href":"https:\/\/api.w.org\/{rel}","templated":true}]}}